{"id":4137,"date":"2024-07-24T14:47:54","date_gmt":"2024-07-24T14:47:54","guid":{"rendered":"https:\/\/taltrailer.com\/talep-olustur\/"},"modified":"2024-11-20T06:05:46","modified_gmt":"2024-11-20T06:05:46","slug":"create-request","status":"publish","type":"page","link":"https:\/\/taltrailer.com\/en\/create-request\/","title":{"rendered":"Create Request"},"content":{"rendered":"\t\t<div data-elementor-type=\"wp-post\" data-elementor-id=\"4137\" class=\"elementor elementor-4137 elementor-3810\">\n\t\t\t\t\t\t<section class=\"elementor-section elementor-top-section elementor-element elementor-element-7461132 elementor-section-boxed elementor-section-height-default elementor-section-height-default\" data-id=\"7461132\" data-element_type=\"section\" data-settings=\"{&quot;background_background&quot;:&quot;classic&quot;}\">\n\t\t\t\t\t\t<div class=\"elementor-container elementor-column-gap-default\">\n\t\t\t\t\t<div class=\"elementor-column elementor-col-100 elementor-top-column elementor-element elementor-element-a775aea\" data-id=\"a775aea\" data-element_type=\"column\">\n\t\t\t<div class=\"elementor-widget-wrap elementor-element-populated\">\n\t\t\t\t\t\t<div class=\"elementor-element elementor-element-857efd4 elementor-widget elementor-widget-heading\" data-id=\"857efd4\" data-element_type=\"widget\" data-widget_type=\"heading.default\">\n\t\t\t\t<div class=\"elementor-widget-container\">\n\t\t\t<h1 class=\"elementor-heading-title elementor-size-default elementor-heading-title\">Create Request<\/h1>\t\t<\/div>\n\t\t\t\t<\/div>\n\t\t\t\t<div class=\"elementor-element elementor-element-2c72179 elementor-widget elementor-widget-text-editor\" data-id=\"2c72179\" data-element_type=\"widget\" data-widget_type=\"text-editor.default\">\n\t\t\t\t<div class=\"elementor-widget-container\">\n\t\t\t\t\t\t\t<p>Taleplerinizi bize telefon, e-posta ya da talep formu arac\u0131l\u0131\u011f\u0131yla ula\u015ft\u0131rabilirsiniz. Sizlere yard\u0131mc\u0131 olmaktan memnuniyet duyar\u0131z.<\/p>\t\t\t\t\t\t<\/div>\n\t\t\t\t<\/div>\n\t\t\t\t\t<\/div>\n\t\t<\/div>\n\t\t\t\t\t<\/div>\n\t\t<\/section>\n\t\t\t\t<section class=\"elementor-section elementor-top-section elementor-element elementor-element-c1153d9 elementor-section-boxed elementor-section-height-default elementor-section-height-default\" data-id=\"c1153d9\" data-element_type=\"section\" data-settings=\"{&quot;background_background&quot;:&quot;classic&quot;}\">\n\t\t\t\t\t\t<div class=\"elementor-container elementor-column-gap-default\">\n\t\t\t\t\t<div class=\"elementor-column elementor-col-50 elementor-top-column elementor-element elementor-element-457ea2f\" data-id=\"457ea2f\" data-element_type=\"column\">\n\t\t\t<div class=\"elementor-widget-wrap elementor-element-populated\">\n\t\t\t\t\t\t<div class=\"elementor-element elementor-element-63822ad elementor-widget elementor-widget-heading\" data-id=\"63822ad\" data-element_type=\"widget\" data-widget_type=\"heading.default\">\n\t\t\t\t<div class=\"elementor-widget-container\">\n\t\t\t<span class=\"elementor-heading-title elementor-size-default elementor-heading-title\"><a href=\"tel:+908502601045\"><i class=\"ti-mobile\"><\/i><span><b>Phone<\/b><br>\n+90 850 260 10 45\u200b<\/span><\/a><\/span>\t\t<\/div>\n\t\t\t\t<\/div>\n\t\t\t\t<div class=\"elementor-element elementor-element-9d0be85 elementor-widget elementor-widget-heading\" data-id=\"9d0be85\" data-element_type=\"widget\" data-widget_type=\"heading.default\">\n\t\t\t\t<div class=\"elementor-widget-container\">\n\t\t\t<span class=\"elementor-heading-title elementor-size-default elementor-heading-title\"><a href=\"mailto:info@taltrailer.com\" target=\"_blank _blank\"><i class=\"ti-email\"><\/i><span><b>E-mail<\/b><br>\ninfo@taltrailer.com\u200b<\/span><\/a><\/span>\t\t<\/div>\n\t\t\t\t<\/div>\n\t\t\t\t\t<\/div>\n\t\t<\/div>\n\t\t\t\t<div class=\"elementor-column elementor-col-50 elementor-top-column elementor-element elementor-element-3cca13e\" data-id=\"3cca13e\" data-element_type=\"column\">\n\t\t\t<div class=\"elementor-widget-wrap elementor-element-populated\">\n\t\t\t\t\t\t<div class=\"elementor-element elementor-element-d0cced4 elementor-widget elementor-widget-shortcode\" data-id=\"d0cced4\" data-element_type=\"widget\" data-widget_type=\"shortcode.default\">\n\t\t\t\t<div class=\"elementor-widget-container\">\n\t\t\t\t\t<div class=\"elementor-shortcode\"><div class=\"forminator-ui forminator-custom-form forminator-custom-form-4308 forminator-design--flat  forminator_ajax\" data-forminator-render=\"0\" data-form=\"forminator-module-4308\" data-uid=\"69e88478c750a\"><br\/><\/div><form\n\t\t\t\tid=\"forminator-module-4308\"\n\t\t\t\tclass=\"forminator-ui forminator-custom-form forminator-custom-form-4308 forminator-design--flat  forminator_ajax\"\n\t\t\t\tmethod=\"post\"\n\t\t\t\tdata-forminator-render=\"0\"\n\t\t\t\tdata-form-id=\"4308\"\n\t\t\t\t\n\t\t\t\tdata-design=\"flat\"\n\t\t\t\t\n\t\t\t\t\n\t\t\t\t\n\t\t\t\tdata-grid=\"open\"\n\t\t\t\t\n\t\t\t\t\n\t\t\t\tstyle=\"display: none;\"\n\t\t\t\t\n\t\t\t\tdata-uid=\"69e88478c750a\"\n\t\t\t><div role=\"alert\" aria-live=\"polite\" class=\"forminator-response-message forminator-error\" aria-hidden=\"true\"><\/div><div class=\"forminator-row\"><div id=\"name-1\" class=\"forminator-field-name forminator-col forminator-col-6 \"><div class=\"forminator-field\"><label for=\"forminator-field-name-1_69e88478c750a\" id=\"forminator-field-name-1_69e88478c750a-label\" class=\"forminator-label\">Name <span class=\"forminator-required\">*<\/span><\/label><input type=\"text\" name=\"name-1\" value=\"\" placeholder=\"\" id=\"forminator-field-name-1_69e88478c750a\" class=\"forminator-input forminator-name--field\" aria-required=\"true\" \/><\/div><\/div><div id=\"text-1\" class=\"forminator-field-text forminator-col forminator-col-6 \"><div class=\"forminator-field\"><label for=\"forminator-field-text-1_69e88478c750a\" id=\"forminator-field-text-1_69e88478c750a-label\" class=\"forminator-label\">Company <span class=\"forminator-required\">*<\/span><\/label><input type=\"text\" name=\"text-1\" value=\"\" placeholder=\"\" id=\"forminator-field-text-1_69e88478c750a\" class=\"forminator-input forminator-name--field\" data-required=\"1\" \/><\/div><\/div><\/div><div class=\"forminator-row\"><div id=\"email-1\" class=\"forminator-field-email forminator-col forminator-col-6 \"><div class=\"forminator-field\"><label for=\"forminator-field-email-1_69e88478c750a\" id=\"forminator-field-email-1_69e88478c750a-label\" class=\"forminator-label\">Email <span class=\"forminator-required\">*<\/span><\/label><input type=\"email\" name=\"email-1\" value=\"\" placeholder=\"\" id=\"forminator-field-email-1_69e88478c750a\" class=\"forminator-input forminator-email--field\" data-required=\"1\" aria-required=\"true\" \/><\/div><\/div><div id=\"phone-1\" class=\"forminator-field-phone forminator-col forminator-col-6 \"><div class=\"forminator-field\"><label for=\"forminator-field-phone-1_69e88478c750a\" id=\"forminator-field-phone-1_69e88478c750a-label\" class=\"forminator-label\">Phone <span class=\"forminator-required\">*<\/span><\/label><input type=\"text\" name=\"phone-1\" value=\"\" placeholder=\"\" id=\"forminator-field-phone-1_69e88478c750a\" class=\"forminator-input forminator-field--phone\" data-required=\"1\" aria-required=\"true\" autocomplete=\"off\" data-national_mode=\"disabled\" data-country=\"tr\" data-validation=\"international\" \/><\/div><\/div><\/div><div class=\"forminator-row\"><div id=\"select-2\" class=\"forminator-field-select forminator-col forminator-col-12 \"><div class=\"forminator-field\"><label for=\"forminator-form-4308__field--select-2_69e88478c750a\" id=\"forminator-form-4308__field--select-2_69e88478c750a-label\" class=\"forminator-label\">Trailer Type <span class=\"forminator-required\">*<\/span><\/label><select  id=\"forminator-form-4308__field--select-2_69e88478c750a\" class=\"forminator-select--field forminator-select2 forminator-select2-multiple\" data-required=\"1\" name=\"select-2\" data-default-value=\"\" data-hidden-behavior=\"zero\" data-placeholder=\"Select\" data-search=\"false\" data-search-placeholder=\"Select\" data-checkbox=\"false\" data-allow-clear=\"false\" aria-labelledby=\"forminator-form-4308__field--select-2_69e88478c750a-label\"><option value=\"\"  >Select<\/option><option value=\"one\"  data-calculation=\"0\">Curtainsider<\/option><option value=\"Konteyner-\u015easi\"  data-calculation=\"0\">Container Chassis<\/option><option value=\"Swap-Body-Grup\"  data-calculation=\"0\">Swap Body<\/option><\/select><\/div><\/div><\/div><div class=\"forminator-row\"><div id=\"textarea-1\" class=\"forminator-field-textarea forminator-col forminator-col-12 \"><div class=\"forminator-field\"><label for=\"forminator-field-textarea-1_69e88478c750a\" id=\"forminator-field-textarea-1_69e88478c750a-label\" class=\"forminator-label\">Message <span class=\"forminator-required\">*<\/span><\/label><textarea name=\"textarea-1\" placeholder=\"\" id=\"forminator-field-textarea-1_69e88478c750a\" class=\"forminator-textarea\" rows=\"6\" style=\"min-height:140px;\" ><\/textarea><\/div><\/div><\/div><input type=\"hidden\" name=\"referer_url\" value=\"\" \/><div class=\"forminator-row forminator-row-last\"><div class=\"forminator-col\"><div class=\"forminator-field\"><button class=\"forminator-button forminator-button-submit\">Submit<\/button><\/div><\/div><\/div><input type=\"hidden\" id=\"forminator_nonce\" name=\"forminator_nonce\" value=\"e93fedfb2a\" \/><input type=\"hidden\" name=\"_wp_http_referer\" value=\"\/en\/wp-json\/wp\/v2\/pages\/4137\" \/><input type=\"hidden\" name=\"form_id\" value=\"4308\"><input type=\"hidden\" name=\"page_id\" value=\"4137\"><input type=\"hidden\" name=\"form_type\" value=\"default\"><input type=\"hidden\" name=\"current_url\" value=\"https:\/\/taltrailer.com\/en\/create-request\/\"><input type=\"hidden\" name=\"render_id\" value=\"0\"><input type=\"hidden\" name=\"action\" value=\"forminator_submit_form_custom-forms\"><\/form><\/div>\n\t\t\t\t<\/div>\n\t\t\t\t<\/div>\n\t\t\t\t\t<\/div>\n\t\t<\/div>\n\t\t\t\t\t<\/div>\n\t\t<\/section>\n\t\t\t\t<section class=\"elementor-section elementor-top-section elementor-element elementor-element-6841e38 elementor-section-full_width elementor-section-height-default elementor-section-height-default\" data-id=\"6841e38\" data-element_type=\"section\" data-settings=\"{&quot;background_background&quot;:&quot;classic&quot;}\">\n\t\t\t\t\t\t<div class=\"elementor-container elementor-column-gap-no\">\n\t\t\t\t\t<div class=\"elementor-column elementor-col-100 elementor-top-column elementor-element elementor-element-1d3deac\" data-id=\"1d3deac\" data-element_type=\"column\">\n\t\t\t<div class=\"elementor-widget-wrap\">\n\t\t\t\t\t\t\t<\/div>\n\t\t<\/div>\n\t\t\t\t\t<\/div>\n\t\t<\/section>\n\t\t\t\t<\/div>\n\t\t","protected":false},"excerpt":{"rendered":"<p>Create Request Taleplerinizi bize telefon, e-posta ya da talep formu arac\u0131l\u0131\u011f\u0131yla ula\u015ft\u0131rabilirsiniz. Sizlere yard\u0131mc\u0131 olmaktan memnuniyet duyar\u0131z. Phone&#8230;<\/p>\n","protected":false},"author":1,"featured_media":0,"parent":0,"menu_order":0,"comment_status":"closed","ping_status":"closed","template":"elementor_header_footer","meta":{"footnotes":""},"class_list":["post-4137","page","type-page","status-publish","hentry"],"yoast_head":"<!-- This site is optimized with the Yoast SEO plugin v23.7 - https:\/\/yoast.com\/wordpress\/plugins\/seo\/ -->\n<title>Create Request | Tal Trailer<\/title>\n<meta name=\"robots\" content=\"index, follow, max-snippet:-1, max-image-preview:large, max-video-preview:-1\" \/>\n<link rel=\"canonical\" href=\"https:\/\/taltrailer.com\/en\/create-request\/\" \/>\n<meta property=\"og:locale\" content=\"en_US\" \/>\n<meta property=\"og:type\" content=\"article\" \/>\n<meta property=\"og:title\" content=\"Create Request | Tal Trailer\" \/>\n<meta property=\"og:description\" content=\"Create Request Taleplerinizi bize telefon, e-posta ya da talep formu arac\u0131l\u0131\u011f\u0131yla ula\u015ft\u0131rabilirsiniz. Sizlere yard\u0131mc\u0131 olmaktan memnuniyet duyar\u0131z. Phone...\" \/>\n<meta property=\"og:url\" content=\"https:\/\/taltrailer.com\/en\/create-request\/\" \/>\n<meta property=\"og:site_name\" content=\"Tal Trailer\" \/>\n<meta property=\"article:publisher\" content=\"https:\/\/www.facebook.com\/tal.trailer\" \/>\n<meta property=\"article:modified_time\" content=\"2024-11-20T06:05:46+00:00\" \/>\n<meta name=\"twitter:card\" content=\"summary_large_image\" \/>\n<meta name=\"twitter:label1\" content=\"Est. reading time\" \/>\n\t<meta name=\"twitter:data1\" content=\"1 minute\" \/>\n<script type=\"application\/ld+json\" class=\"yoast-schema-graph\">{\"@context\":\"https:\/\/schema.org\",\"@graph\":[{\"@type\":\"WebPage\",\"@id\":\"https:\/\/taltrailer.com\/en\/create-request\/\",\"url\":\"https:\/\/taltrailer.com\/en\/create-request\/\",\"name\":\"Create Request | Tal Trailer\",\"isPartOf\":{\"@id\":\"https:\/\/taltrailer.com\/#website\"},\"datePublished\":\"2024-07-24T14:47:54+00:00\",\"dateModified\":\"2024-11-20T06:05:46+00:00\",\"breadcrumb\":{\"@id\":\"https:\/\/taltrailer.com\/en\/create-request\/#breadcrumb\"},\"inLanguage\":\"en-US\",\"potentialAction\":[{\"@type\":\"ReadAction\",\"target\":[\"https:\/\/taltrailer.com\/en\/create-request\/\"]}]},{\"@type\":\"BreadcrumbList\",\"@id\":\"https:\/\/taltrailer.com\/en\/create-request\/#breadcrumb\",\"itemListElement\":[{\"@type\":\"ListItem\",\"position\":1,\"name\":\"Anasayfa\",\"item\":\"https:\/\/taltrailer.com\/en\/\"},{\"@type\":\"ListItem\",\"position\":2,\"name\":\"Create Request\"}]},{\"@type\":\"WebSite\",\"@id\":\"https:\/\/taltrailer.com\/#website\",\"url\":\"https:\/\/taltrailer.com\/\",\"name\":\"Tal Trailer\",\"description\":\"T\u00fcrkiye&#039;nin Treyler \u00dcreticisi\",\"publisher\":{\"@id\":\"https:\/\/taltrailer.com\/#organization\"},\"potentialAction\":[{\"@type\":\"SearchAction\",\"target\":{\"@type\":\"EntryPoint\",\"urlTemplate\":\"https:\/\/taltrailer.com\/?s={search_term_string}\"},\"query-input\":{\"@type\":\"PropertyValueSpecification\",\"valueRequired\":true,\"valueName\":\"search_term_string\"}}],\"inLanguage\":\"en-US\"},{\"@type\":\"Organization\",\"@id\":\"https:\/\/taltrailer.com\/#organization\",\"name\":\"Tal Trailer\",\"url\":\"https:\/\/taltrailer.com\/\",\"logo\":{\"@type\":\"ImageObject\",\"inLanguage\":\"en-US\",\"@id\":\"https:\/\/taltrailer.com\/#\/schema\/logo\/image\/\",\"url\":\"https:\/\/taltrailer.com\/wp-content\/uploads\/2018\/07\/cropped-taltrailerlogo.png\",\"contentUrl\":\"https:\/\/taltrailer.com\/wp-content\/uploads\/2018\/07\/cropped-taltrailerlogo.png\",\"width\":721,\"height\":256,\"caption\":\"Tal Trailer\"},\"image\":{\"@id\":\"https:\/\/taltrailer.com\/#\/schema\/logo\/image\/\"},\"sameAs\":[\"https:\/\/www.facebook.com\/tal.trailer\",\"https:\/\/www.instagram.com\/tal.trailer\",\"https:\/\/www.linkedin.com\/company\/tal-trailer\"]}]}<\/script>\n<!-- \/ Yoast SEO plugin. -->","yoast_head_json":{"title":"Create Request | Tal Trailer","robots":{"index":"index","follow":"follow","max-snippet":"max-snippet:-1","max-image-preview":"max-image-preview:large","max-video-preview":"max-video-preview:-1"},"canonical":"https:\/\/taltrailer.com\/en\/create-request\/","og_locale":"en_US","og_type":"article","og_title":"Create Request | Tal Trailer","og_description":"Create Request Taleplerinizi bize telefon, e-posta ya da talep formu arac\u0131l\u0131\u011f\u0131yla ula\u015ft\u0131rabilirsiniz. Sizlere yard\u0131mc\u0131 olmaktan memnuniyet duyar\u0131z. Phone...","og_url":"https:\/\/taltrailer.com\/en\/create-request\/","og_site_name":"Tal Trailer","article_publisher":"https:\/\/www.facebook.com\/tal.trailer","article_modified_time":"2024-11-20T06:05:46+00:00","twitter_card":"summary_large_image","twitter_misc":{"Est. reading time":"1 minute"},"schema":{"@context":"https:\/\/schema.org","@graph":[{"@type":"WebPage","@id":"https:\/\/taltrailer.com\/en\/create-request\/","url":"https:\/\/taltrailer.com\/en\/create-request\/","name":"Create Request | Tal Trailer","isPartOf":{"@id":"https:\/\/taltrailer.com\/#website"},"datePublished":"2024-07-24T14:47:54+00:00","dateModified":"2024-11-20T06:05:46+00:00","breadcrumb":{"@id":"https:\/\/taltrailer.com\/en\/create-request\/#breadcrumb"},"inLanguage":"en-US","potentialAction":[{"@type":"ReadAction","target":["https:\/\/taltrailer.com\/en\/create-request\/"]}]},{"@type":"BreadcrumbList","@id":"https:\/\/taltrailer.com\/en\/create-request\/#breadcrumb","itemListElement":[{"@type":"ListItem","position":1,"name":"Anasayfa","item":"https:\/\/taltrailer.com\/en\/"},{"@type":"ListItem","position":2,"name":"Create Request"}]},{"@type":"WebSite","@id":"https:\/\/taltrailer.com\/#website","url":"https:\/\/taltrailer.com\/","name":"Tal Trailer","description":"T\u00fcrkiye&#039;nin Treyler \u00dcreticisi","publisher":{"@id":"https:\/\/taltrailer.com\/#organization"},"potentialAction":[{"@type":"SearchAction","target":{"@type":"EntryPoint","urlTemplate":"https:\/\/taltrailer.com\/?s={search_term_string}"},"query-input":{"@type":"PropertyValueSpecification","valueRequired":true,"valueName":"search_term_string"}}],"inLanguage":"en-US"},{"@type":"Organization","@id":"https:\/\/taltrailer.com\/#organization","name":"Tal Trailer","url":"https:\/\/taltrailer.com\/","logo":{"@type":"ImageObject","inLanguage":"en-US","@id":"https:\/\/taltrailer.com\/#\/schema\/logo\/image\/","url":"https:\/\/taltrailer.com\/wp-content\/uploads\/2018\/07\/cropped-taltrailerlogo.png","contentUrl":"https:\/\/taltrailer.com\/wp-content\/uploads\/2018\/07\/cropped-taltrailerlogo.png","width":721,"height":256,"caption":"Tal Trailer"},"image":{"@id":"https:\/\/taltrailer.com\/#\/schema\/logo\/image\/"},"sameAs":["https:\/\/www.facebook.com\/tal.trailer","https:\/\/www.instagram.com\/tal.trailer","https:\/\/www.linkedin.com\/company\/tal-trailer"]}]}},"_links":{"self":[{"href":"https:\/\/taltrailer.com\/en\/wp-json\/wp\/v2\/pages\/4137","targetHints":{"allow":["GET"]}}],"collection":[{"href":"https:\/\/taltrailer.com\/en\/wp-json\/wp\/v2\/pages"}],"about":[{"href":"https:\/\/taltrailer.com\/en\/wp-json\/wp\/v2\/types\/page"}],"author":[{"embeddable":true,"href":"https:\/\/taltrailer.com\/en\/wp-json\/wp\/v2\/users\/1"}],"replies":[{"embeddable":true,"href":"https:\/\/taltrailer.com\/en\/wp-json\/wp\/v2\/comments?post=4137"}],"version-history":[{"count":5,"href":"https:\/\/taltrailer.com\/en\/wp-json\/wp\/v2\/pages\/4137\/revisions"}],"predecessor-version":[{"id":4321,"href":"https:\/\/taltrailer.com\/en\/wp-json\/wp\/v2\/pages\/4137\/revisions\/4321"}],"wp:attachment":[{"href":"https:\/\/taltrailer.com\/en\/wp-json\/wp\/v2\/media?parent=4137"}],"curies":[{"name":"wp","href":"https:\/\/api.w.org\/{rel}","templated":true}]}}